{"id":1179,"date":"2024-08-12T02:21:06","date_gmt":"2024-08-11T23:21:06","guid":{"rendered":"https:\/\/www.guneyraf.com\/?page_id=1179"},"modified":"2024-10-30T12:24:13","modified_gmt":"2024-10-30T09:24:13","slug":"double-layer-adjustable-hanger","status":"publish","type":"page","link":"https:\/\/www.guneyraf.com\/en\/products\/store-equipment\/hangers\/double-layer-adjustable-hanger\/","title":{"rendered":"Double Layer Adjustable Hanger"},"content":{"rendered":"\t\t<div data-elementor-type=\"wp-page\" data-elementor-id=\"1179\" class=\"elementor elementor-1179 elementor-43\" data-elementor-settings=\"{&quot;element_pack_global_tooltip_width&quot;:{&quot;unit&quot;:&quot;px&quot;,&quot;size&quot;:&quot;&quot;,&quot;sizes&quot;:[]},&quot;element_pack_global_tooltip_width_tablet&quot;:{&quot;unit&quot;:&quot;px&quot;,&quot;size&quot;:&quot;&quot;,&quot;sizes&quot;:[]},&quot;element_pack_global_tooltip_width_mobile&quot;:{&quot;unit&quot;:&quot;px&quot;,&quot;size&quot;:&quot;&quot;,&quot;sizes&quot;:[]},&quot;element_pack_global_tooltip_padding&quot;:{&quot;unit&quot;:&quot;px&quot;,&quot;top&quot;:&quot;&quot;,&quot;right&quot;:&quot;&quot;,&quot;bottom&quot;:&quot;&quot;,&quot;left&quot;:&quot;&quot;,&quot;isLinked&quot;:true},&quot;element_pack_global_tooltip_padding_tablet&quot;:{&quot;unit&quot;:&quot;px&quot;,&quot;top&quot;:&quot;&quot;,&quot;right&quot;:&quot;&quot;,&quot;bottom&quot;:&quot;&quot;,&quot;left&quot;:&quot;&quot;,&quot;isLinked&quot;:true},&quot;element_pack_global_tooltip_padding_mobile&quot;:{&quot;unit&quot;:&quot;px&quot;,&quot;top&quot;:&quot;&quot;,&quot;right&quot;:&quot;&quot;,&quot;bottom&quot;:&quot;&quot;,&quot;left&quot;:&quot;&quot;,&quot;isLinked&quot;:true},&quot;element_pack_global_tooltip_border_radius&quot;:{&quot;unit&quot;:&quot;px&quot;,&quot;top&quot;:&quot;&quot;,&quot;right&quot;:&quot;&quot;,&quot;bottom&quot;:&quot;&quot;,&quot;left&quot;:&quot;&quot;,&quot;isLinked&quot;:true},&quot;element_pack_global_tooltip_border_radius_tablet&quot;:{&quot;unit&quot;:&quot;px&quot;,&quot;top&quot;:&quot;&quot;,&quot;right&quot;:&quot;&quot;,&quot;bottom&quot;:&quot;&quot;,&quot;left&quot;:&quot;&quot;,&quot;isLinked&quot;:true},&quot;element_pack_global_tooltip_border_radius_mobile&quot;:{&quot;unit&quot;:&quot;px&quot;,&quot;top&quot;:&quot;&quot;,&quot;right&quot;:&quot;&quot;,&quot;bottom&quot;:&quot;&quot;,&quot;left&quot;:&quot;&quot;,&quot;isLinked&quot;:true}}\">\n\t\t\t\t<div class=\"elementor-element elementor-element-45be81f e-flex e-con-boxed e-con e-parent\" data-id=\"45be81f\" data-element_type=\"container\">\n\t\t\t\t\t<div class=\"e-con-inner\">\n\t\t<div class=\"elementor-element elementor-element-c56997c e-con-full e-flex e-con e-child\" data-id=\"c56997c\" data-element_type=\"container\">\n\t\t\t\t<div class=\"elementor-element elementor-element-36db536 elementor-widget elementor-widget-text-editor\" data-id=\"36db536\" data-element_type=\"widget\" data-widget_type=\"text-editor.default\">\n\t\t\t\t<div class=\"elementor-widget-container\">\n\t\t\t\t\t\t\t\t\t<p>Double layer adjustable hanger usually refers to a hanging system designed to meet the needs of closet organization or storage. This type of hanger is usually two-layered and both layers have features that can be adjusted by the user. This offers users a flexible solution for organizing and storing items of different sizes and shapes. These hangers are often used to help store clothing, shoes, bags and other accessories in an orderly manner.<\/p><p>Double-layer adjustable hangers can be an ideal solution for those who want to meet storage needs and optimize the order in the closet, especially in narrow or limited spaces. These hangers offer users flexibility in organizing and storing their items, while also helping them to maximize the efficiency of the space in the closet.<\/p>\t\t\t\t\t\t\t\t<\/div>\n\t\t\t\t<\/div>\n\t\t\t\t<\/div>\n\t\t<div class=\"elementor-element elementor-element-92c338c e-con-full e-flex e-con e-child\" data-id=\"92c338c\" data-element_type=\"container\">\n\t\t\t\t<div class=\"elementor-element elementor-element-7f7bffb elementor-widget elementor-widget-image\" data-id=\"7f7bffb\" data-element_type=\"widget\" data-widget_type=\"image.default\">\n\t\t\t\t<div class=\"elementor-widget-container\">\n\t\t\t\t\t\t\t\t\t\t\t\t\t\t\t<img fetchpriority=\"high\" decoding=\"async\" width=\"960\" height=\"720\" src=\"https:\/\/www.guneyraf.com\/wp-content\/uploads\/2024\/10\/cift-katli-ayarli-aski.jpg\" class=\"attachment-full size-full wp-image-593\" alt=\"\u00c7ift Katl\u0131 Ayarl\u0131 Ask\u0131l\u0131k\" srcset=\"https:\/\/www.guneyraf.com\/wp-content\/uploads\/2024\/10\/cift-katli-ayarli-aski.jpg 960w, https:\/\/www.guneyraf.com\/wp-content\/uploads\/2024\/10\/cift-katli-ayarli-aski-300x225.jpg 300w, https:\/\/www.guneyraf.com\/wp-content\/uploads\/2024\/10\/cift-katli-ayarli-aski-768x576.jpg 768w, https:\/\/www.guneyraf.com\/wp-content\/uploads\/2024\/10\/cift-katli-ayarli-aski-650x488.jpg 650w\" sizes=\"(max-width: 960px) 100vw, 960px\" \/>\t\t\t\t\t\t\t\t\t\t\t\t\t\t\t<\/div>\n\t\t\t\t<\/div>\n\t\t\t\t<\/div>\n\t\t\t\t\t<\/div>\n\t\t\t\t<\/div>\n\t\t<div class=\"elementor-element elementor-element-7d288ff e-flex e-con-boxed e-con e-parent\" data-id=\"7d288ff\" data-element_type=\"container\">\n\t\t\t\t\t<div class=\"e-con-inner\">\n\t\t\t\t\t<\/div>\n\t\t\t\t<\/div>\n\t\t\t\t<\/div>\n\t\t","protected":false},"excerpt":{"rendered":"<p>Double layer adjustable hanger usually refers to a hanging system designed to meet the needs of closet organization or storage. This type of hanger is usually two-layered and both layers have features that can be adjusted by the user. This offers users a flexible solution for organizing and storing items of different sizes and shapes. [&hellip;]<\/p>\n","protected":false},"author":1,"featured_media":0,"parent":1176,"menu_order":0,"comment_status":"closed","ping_status":"closed","template":"","meta":{"_joinchat":[],"footnotes":""},"class_list":["post-1179","page","type-page","status-publish","hentry"],"_links":{"self":[{"href":"https:\/\/www.guneyraf.com\/en\/wp-json\/wp\/v2\/pages\/1179","targetHints":{"allow":["GET"]}}],"collection":[{"href":"https:\/\/www.guneyraf.com\/en\/wp-json\/wp\/v2\/pages"}],"about":[{"href":"https:\/\/www.guneyraf.com\/en\/wp-json\/wp\/v2\/types\/page"}],"author":[{"embeddable":true,"href":"https:\/\/www.guneyraf.com\/en\/wp-json\/wp\/v2\/users\/1"}],"replies":[{"embeddable":true,"href":"https:\/\/www.guneyraf.com\/en\/wp-json\/wp\/v2\/comments?post=1179"}],"version-history":[{"count":4,"href":"https:\/\/www.guneyraf.com\/en\/wp-json\/wp\/v2\/pages\/1179\/revisions"}],"predecessor-version":[{"id":1191,"href":"https:\/\/www.guneyraf.com\/en\/wp-json\/wp\/v2\/pages\/1179\/revisions\/1191"}],"up":[{"embeddable":true,"href":"https:\/\/www.guneyraf.com\/en\/wp-json\/wp\/v2\/pages\/1176"}],"wp:attachment":[{"href":"https:\/\/www.guneyraf.com\/en\/wp-json\/wp\/v2\/media?parent=1179"}],"curies":[{"name":"wp","href":"https:\/\/api.w.org\/{rel}","templated":true}]}}