{"id":1182,"date":"2024-08-12T02:21:34","date_gmt":"2024-08-11T23:21:34","guid":{"rendered":"https:\/\/www.guneyraf.com\/?page_id=1182"},"modified":"2024-10-30T12:26:58","modified_gmt":"2024-10-30T09:26:58","slug":"single-layer-adjustable-hanger","status":"publish","type":"page","link":"https:\/\/www.guneyraf.com\/en\/products\/store-equipment\/hangers\/single-layer-adjustable-hanger\/","title":{"rendered":"Single Layer Adjustable Hanger"},"content":{"rendered":"\t\t<div data-elementor-type=\"wp-page\" data-elementor-id=\"1182\" class=\"elementor elementor-1182 elementor-49\" data-elementor-settings=\"{&quot;element_pack_global_tooltip_width&quot;:{&quot;unit&quot;:&quot;px&quot;,&quot;size&quot;:&quot;&quot;,&quot;sizes&quot;:[]},&quot;element_pack_global_tooltip_width_tablet&quot;:{&quot;unit&quot;:&quot;px&quot;,&quot;size&quot;:&quot;&quot;,&quot;sizes&quot;:[]},&quot;element_pack_global_tooltip_width_mobile&quot;:{&quot;unit&quot;:&quot;px&quot;,&quot;size&quot;:&quot;&quot;,&quot;sizes&quot;:[]},&quot;element_pack_global_tooltip_padding&quot;:{&quot;unit&quot;:&quot;px&quot;,&quot;top&quot;:&quot;&quot;,&quot;right&quot;:&quot;&quot;,&quot;bottom&quot;:&quot;&quot;,&quot;left&quot;:&quot;&quot;,&quot;isLinked&quot;:true},&quot;element_pack_global_tooltip_padding_tablet&quot;:{&quot;unit&quot;:&quot;px&quot;,&quot;top&quot;:&quot;&quot;,&quot;right&quot;:&quot;&quot;,&quot;bottom&quot;:&quot;&quot;,&quot;left&quot;:&quot;&quot;,&quot;isLinked&quot;:true},&quot;element_pack_global_tooltip_padding_mobile&quot;:{&quot;unit&quot;:&quot;px&quot;,&quot;top&quot;:&quot;&quot;,&quot;right&quot;:&quot;&quot;,&quot;bottom&quot;:&quot;&quot;,&quot;left&quot;:&quot;&quot;,&quot;isLinked&quot;:true},&quot;element_pack_global_tooltip_border_radius&quot;:{&quot;unit&quot;:&quot;px&quot;,&quot;top&quot;:&quot;&quot;,&quot;right&quot;:&quot;&quot;,&quot;bottom&quot;:&quot;&quot;,&quot;left&quot;:&quot;&quot;,&quot;isLinked&quot;:true},&quot;element_pack_global_tooltip_border_radius_tablet&quot;:{&quot;unit&quot;:&quot;px&quot;,&quot;top&quot;:&quot;&quot;,&quot;right&quot;:&quot;&quot;,&quot;bottom&quot;:&quot;&quot;,&quot;left&quot;:&quot;&quot;,&quot;isLinked&quot;:true},&quot;element_pack_global_tooltip_border_radius_mobile&quot;:{&quot;unit&quot;:&quot;px&quot;,&quot;top&quot;:&quot;&quot;,&quot;right&quot;:&quot;&quot;,&quot;bottom&quot;:&quot;&quot;,&quot;left&quot;:&quot;&quot;,&quot;isLinked&quot;:true}}\">\n\t\t\t\t<div class=\"elementor-element elementor-element-460b071 e-flex e-con-boxed e-con e-parent\" data-id=\"460b071\" data-element_type=\"container\">\n\t\t\t\t\t<div class=\"e-con-inner\">\n\t\t<div class=\"elementor-element elementor-element-c5f54c8 e-con-full e-flex e-con e-child\" data-id=\"c5f54c8\" data-element_type=\"container\">\n\t\t\t\t<div class=\"elementor-element elementor-element-f4f528e elementor-widget elementor-widget-text-editor\" data-id=\"f4f528e\" data-element_type=\"widget\" data-widget_type=\"text-editor.default\">\n\t\t\t\t<div class=\"elementor-widget-container\">\n\t\t\t\t\t\t\t\t\t<p>Single layer adjustable hanger refers to a special type of hanger that is usually designed to store and display clothing items. These hangers are usually designed to help users organize and display their clothing and accessories. With their adjustable features, they offer a customizable storage solution for different clothing types and sizes.<\/p><p>Single layer adjustable hanger offers a user-friendly solution for organizing and displaying clothing. These hangers help users use storage space efficiently by providing flexibility and customization when organizing their clothing collections.<\/p>\t\t\t\t\t\t\t\t<\/div>\n\t\t\t\t<\/div>\n\t\t\t\t<\/div>\n\t\t<div class=\"elementor-element elementor-element-dc4d4fd e-con-full e-flex e-con e-child\" data-id=\"dc4d4fd\" data-element_type=\"container\">\n\t\t\t\t<div class=\"elementor-element elementor-element-56599cf elementor-widget elementor-widget-image\" data-id=\"56599cf\" data-element_type=\"widget\" data-widget_type=\"image.default\">\n\t\t\t\t<div class=\"elementor-widget-container\">\n\t\t\t\t\t\t\t\t\t\t\t\t\t\t\t<img fetchpriority=\"high\" decoding=\"async\" width=\"960\" height=\"720\" src=\"https:\/\/www.guneyraf.com\/wp-content\/uploads\/2024\/10\/tek-katli-ayarli-aski.jpg\" class=\"attachment-full size-full wp-image-596\" alt=\"Tek Katl\u0131 Ayarl\u0131 Ask\u0131l\u0131k\" srcset=\"https:\/\/www.guneyraf.com\/wp-content\/uploads\/2024\/10\/tek-katli-ayarli-aski.jpg 960w, https:\/\/www.guneyraf.com\/wp-content\/uploads\/2024\/10\/tek-katli-ayarli-aski-300x225.jpg 300w, https:\/\/www.guneyraf.com\/wp-content\/uploads\/2024\/10\/tek-katli-ayarli-aski-768x576.jpg 768w, https:\/\/www.guneyraf.com\/wp-content\/uploads\/2024\/10\/tek-katli-ayarli-aski-650x488.jpg 650w\" sizes=\"(max-width: 960px) 100vw, 960px\" \/>\t\t\t\t\t\t\t\t\t\t\t\t\t\t\t<\/div>\n\t\t\t\t<\/div>\n\t\t\t\t<\/div>\n\t\t\t\t\t<\/div>\n\t\t\t\t<\/div>\n\t\t<div class=\"elementor-element elementor-element-b714062 e-flex e-con-boxed e-con e-parent\" data-id=\"b714062\" data-element_type=\"container\">\n\t\t\t\t\t<div class=\"e-con-inner\">\n\t\t\t\t\t<\/div>\n\t\t\t\t<\/div>\n\t\t\t\t<\/div>\n\t\t","protected":false},"excerpt":{"rendered":"<p>Single layer adjustable hanger refers to a special type of hanger that is usually designed to store and display clothing items. These hangers are usually designed to help users organize and display their clothing and accessories. With their adjustable features, they offer a customizable storage solution for different clothing types and sizes. Single layer adjustable [&hellip;]<\/p>\n","protected":false},"author":1,"featured_media":0,"parent":1176,"menu_order":0,"comment_status":"closed","ping_status":"closed","template":"","meta":{"_joinchat":[],"footnotes":""},"class_list":["post-1182","page","type-page","status-publish","hentry"],"_links":{"self":[{"href":"https:\/\/www.guneyraf.com\/en\/wp-json\/wp\/v2\/pages\/1182","targetHints":{"allow":["GET"]}}],"collection":[{"href":"https:\/\/www.guneyraf.com\/en\/wp-json\/wp\/v2\/pages"}],"about":[{"href":"https:\/\/www.guneyraf.com\/en\/wp-json\/wp\/v2\/types\/page"}],"author":[{"embeddable":true,"href":"https:\/\/www.guneyraf.com\/en\/wp-json\/wp\/v2\/users\/1"}],"replies":[{"embeddable":true,"href":"https:\/\/www.guneyraf.com\/en\/wp-json\/wp\/v2\/comments?post=1182"}],"version-history":[{"count":4,"href":"https:\/\/www.guneyraf.com\/en\/wp-json\/wp\/v2\/pages\/1182\/revisions"}],"predecessor-version":[{"id":1204,"href":"https:\/\/www.guneyraf.com\/en\/wp-json\/wp\/v2\/pages\/1182\/revisions\/1204"}],"up":[{"embeddable":true,"href":"https:\/\/www.guneyraf.com\/en\/wp-json\/wp\/v2\/pages\/1176"}],"wp:attachment":[{"href":"https:\/\/www.guneyraf.com\/en\/wp-json\/wp\/v2\/media?parent=1182"}],"curies":[{"name":"wp","href":"https:\/\/api.w.org\/{rel}","templated":true}]}}