{"id":1183,"date":"2024-08-12T02:21:42","date_gmt":"2024-08-11T23:21:42","guid":{"rendered":"https:\/\/www.guneyraf.com\/?page_id=1183"},"modified":"2024-10-30T12:27:12","modified_gmt":"2024-10-30T09:27:12","slug":"v-adjustable-hanger","status":"publish","type":"page","link":"https:\/\/www.guneyraf.com\/en\/products\/store-equipment\/hangers\/v-adjustable-hanger\/","title":{"rendered":"V Adjustable Hanger"},"content":{"rendered":"\t\t<div data-elementor-type=\"wp-page\" data-elementor-id=\"1183\" class=\"elementor elementor-1183 elementor-51\" data-elementor-settings=\"{&quot;element_pack_global_tooltip_width&quot;:{&quot;unit&quot;:&quot;px&quot;,&quot;size&quot;:&quot;&quot;,&quot;sizes&quot;:[]},&quot;element_pack_global_tooltip_width_tablet&quot;:{&quot;unit&quot;:&quot;px&quot;,&quot;size&quot;:&quot;&quot;,&quot;sizes&quot;:[]},&quot;element_pack_global_tooltip_width_mobile&quot;:{&quot;unit&quot;:&quot;px&quot;,&quot;size&quot;:&quot;&quot;,&quot;sizes&quot;:[]},&quot;element_pack_global_tooltip_padding&quot;:{&quot;unit&quot;:&quot;px&quot;,&quot;top&quot;:&quot;&quot;,&quot;right&quot;:&quot;&quot;,&quot;bottom&quot;:&quot;&quot;,&quot;left&quot;:&quot;&quot;,&quot;isLinked&quot;:true},&quot;element_pack_global_tooltip_padding_tablet&quot;:{&quot;unit&quot;:&quot;px&quot;,&quot;top&quot;:&quot;&quot;,&quot;right&quot;:&quot;&quot;,&quot;bottom&quot;:&quot;&quot;,&quot;left&quot;:&quot;&quot;,&quot;isLinked&quot;:true},&quot;element_pack_global_tooltip_padding_mobile&quot;:{&quot;unit&quot;:&quot;px&quot;,&quot;top&quot;:&quot;&quot;,&quot;right&quot;:&quot;&quot;,&quot;bottom&quot;:&quot;&quot;,&quot;left&quot;:&quot;&quot;,&quot;isLinked&quot;:true},&quot;element_pack_global_tooltip_border_radius&quot;:{&quot;unit&quot;:&quot;px&quot;,&quot;top&quot;:&quot;&quot;,&quot;right&quot;:&quot;&quot;,&quot;bottom&quot;:&quot;&quot;,&quot;left&quot;:&quot;&quot;,&quot;isLinked&quot;:true},&quot;element_pack_global_tooltip_border_radius_tablet&quot;:{&quot;unit&quot;:&quot;px&quot;,&quot;top&quot;:&quot;&quot;,&quot;right&quot;:&quot;&quot;,&quot;bottom&quot;:&quot;&quot;,&quot;left&quot;:&quot;&quot;,&quot;isLinked&quot;:true},&quot;element_pack_global_tooltip_border_radius_mobile&quot;:{&quot;unit&quot;:&quot;px&quot;,&quot;top&quot;:&quot;&quot;,&quot;right&quot;:&quot;&quot;,&quot;bottom&quot;:&quot;&quot;,&quot;left&quot;:&quot;&quot;,&quot;isLinked&quot;:true}}\">\n\t\t\t\t<div class=\"elementor-element elementor-element-3a2e3df e-flex e-con-boxed e-con e-parent\" data-id=\"3a2e3df\" data-element_type=\"container\">\n\t\t\t\t\t<div class=\"e-con-inner\">\n\t\t<div class=\"elementor-element elementor-element-d81047b e-con-full e-flex e-con e-child\" data-id=\"d81047b\" data-element_type=\"container\">\n\t\t\t\t<div class=\"elementor-element elementor-element-2711c98 elementor-widget elementor-widget-text-editor\" data-id=\"2711c98\" data-element_type=\"widget\" data-widget_type=\"text-editor.default\">\n\t\t\t\t<div class=\"elementor-widget-container\">\n\t\t\t\t\t\t\t\t\t<p>V adjustable hanger generally refers to a special type of hanger designed for the purpose of organizing and displaying clothing products. It takes its name from the &#8220;V&#8221; shaped design at the top of the hanger. This design offers an effective solution for holding and displaying clothing products such as dresses, jackets, and blouses. These hangers are designed to meet storage and organization needs by focusing on preserving the shape of the clothes and providing an aesthetic presentation.<\/p><p>V adjustable hanger offers an aesthetic storage solution for those who want to organize and display their clothing products. Thanks to its design, the ability of clothing pieces to preserve their natural shape is advantageous, especially for those who want to store quality clothing products for a long time. These hangers combine elegance and functionality in the clothing world and offer users a practical storage solution.<\/p>\t\t\t\t\t\t\t\t<\/div>\n\t\t\t\t<\/div>\n\t\t\t\t<\/div>\n\t\t<div class=\"elementor-element elementor-element-7c65590 e-con-full e-flex e-con e-child\" data-id=\"7c65590\" data-element_type=\"container\">\n\t\t\t\t<div class=\"elementor-element elementor-element-4ecdf62 elementor-widget elementor-widget-image\" data-id=\"4ecdf62\" data-element_type=\"widget\" data-widget_type=\"image.default\">\n\t\t\t\t<div class=\"elementor-widget-container\">\n\t\t\t\t\t\t\t\t\t\t\t\t\t\t\t<img fetchpriority=\"high\" decoding=\"async\" width=\"960\" height=\"720\" src=\"https:\/\/www.guneyraf.com\/wp-content\/uploads\/2024\/10\/v-ayarli-aski.jpg\" class=\"attachment-full size-full wp-image-597\" alt=\"V Ayarl\u0131 Ask\u0131l\u0131k\" srcset=\"https:\/\/www.guneyraf.com\/wp-content\/uploads\/2024\/10\/v-ayarli-aski.jpg 960w, https:\/\/www.guneyraf.com\/wp-content\/uploads\/2024\/10\/v-ayarli-aski-300x225.jpg 300w, https:\/\/www.guneyraf.com\/wp-content\/uploads\/2024\/10\/v-ayarli-aski-768x576.jpg 768w, https:\/\/www.guneyraf.com\/wp-content\/uploads\/2024\/10\/v-ayarli-aski-650x488.jpg 650w\" sizes=\"(max-width: 960px) 100vw, 960px\" \/>\t\t\t\t\t\t\t\t\t\t\t\t\t\t\t<\/div>\n\t\t\t\t<\/div>\n\t\t\t\t<\/div>\n\t\t\t\t\t<\/div>\n\t\t\t\t<\/div>\n\t\t<div class=\"elementor-element elementor-element-fb15808 e-flex e-con-boxed e-con e-parent\" data-id=\"fb15808\" data-element_type=\"container\">\n\t\t\t\t\t<div class=\"e-con-inner\">\n\t\t\t\t\t<\/div>\n\t\t\t\t<\/div>\n\t\t\t\t<\/div>\n\t\t","protected":false},"excerpt":{"rendered":"<p>V adjustable hanger generally refers to a special type of hanger designed for the purpose of organizing and displaying clothing products. It takes its name from the &#8220;V&#8221; shaped design at the top of the hanger. This design offers an effective solution for holding and displaying clothing products such as dresses, jackets, and blouses. These [&hellip;]<\/p>\n","protected":false},"author":1,"featured_media":0,"parent":1176,"menu_order":0,"comment_status":"closed","ping_status":"closed","template":"","meta":{"_joinchat":[],"footnotes":""},"class_list":["post-1183","page","type-page","status-publish","hentry"],"_links":{"self":[{"href":"https:\/\/www.guneyraf.com\/en\/wp-json\/wp\/v2\/pages\/1183","targetHints":{"allow":["GET"]}}],"collection":[{"href":"https:\/\/www.guneyraf.com\/en\/wp-json\/wp\/v2\/pages"}],"about":[{"href":"https:\/\/www.guneyraf.com\/en\/wp-json\/wp\/v2\/types\/page"}],"author":[{"embeddable":true,"href":"https:\/\/www.guneyraf.com\/en\/wp-json\/wp\/v2\/users\/1"}],"replies":[{"embeddable":true,"href":"https:\/\/www.guneyraf.com\/en\/wp-json\/wp\/v2\/comments?post=1183"}],"version-history":[{"count":4,"href":"https:\/\/www.guneyraf.com\/en\/wp-json\/wp\/v2\/pages\/1183\/revisions"}],"predecessor-version":[{"id":1207,"href":"https:\/\/www.guneyraf.com\/en\/wp-json\/wp\/v2\/pages\/1183\/revisions\/1207"}],"up":[{"embeddable":true,"href":"https:\/\/www.guneyraf.com\/en\/wp-json\/wp\/v2\/pages\/1176"}],"wp:attachment":[{"href":"https:\/\/www.guneyraf.com\/en\/wp-json\/wp\/v2\/media?parent=1183"}],"curies":[{"name":"wp","href":"https:\/\/api.w.org\/{rel}","templated":true}]}}